{"id":984,"date":"2020-02-05T21:45:33","date_gmt":"2020-02-05T19:45:33","guid":{"rendered":"http:\/\/aglaiarentacar2.gr.185-4-133-15.reseller21.grserver.gr\/datenschutzerklaerung\/"},"modified":"2020-02-11T17:38:24","modified_gmt":"2020-02-11T15:38:24","slug":"datenschutzerklaerung","status":"publish","type":"page","link":"https:\/\/aglaiarentacar.gr\/de\/datenschutzerklaerung\/","title":{"rendered":"Datenschutzerkl\u00e4rung"},"content":{"rendered":"\r\n<h2>Wer wir sind<\/h2>\r\n\r\n\r\n\r\n<p>url: http:\/\/aglaiarentacar.gr<\/p>\r\n\r\n\r\n\r\n<h2>Welche personenbezogenen Daten erheben wir und warum<\/h2>\r\n\r\n\r\n\r\n<h3>Kommentare<\/h3>\r\n\r\n\r\n\r\n<p>Wenn Besucher Kommentare auf der Website hinterlassen, erfassen wir die im Kommentarformular angezeigten Daten sowie die IP-Adresse des Besuchers und die Zeichenfolge des Browsers, um Spam zu erkennen.<\/p>\r\n\r\n\r\n\r\n<p>Eine anonyme Zeichenfolge, die aus Ihrer E-Mail-Adresse erstellt wurde (auch als &#8222;Hash&#8220; bezeichnet), kann dem Gravatar-Dienst zur Verf\u00fcgung gestellt werden, um zu \u00fcberpr\u00fcfen, ob Sie sie verwenden. Die Datenschutzbestimmungen von Gravatar finden Sie hier: https:\/\/automattic.com\/privacy\/. Sobald Ihr Kommentar genehmigt wurde, ist Ihr Profilbild in Ihrem Kommentar \u00f6ffentlich sichtbar.<\/p>\r\n\r\n\r\n\r\n<h3>Multimedia<\/h3>\r\n\r\n\r\n\r\n<p>Wenn Sie Bilder auf die Site hochladen, sollten Sie das Hochladen von Bildern mit eingebetteten Standortdaten (EXIF GPS) vermeiden. Site-Besucher k\u00f6nnen Standortdaten von Bildern auf der Site herunterladen und extrahieren.<\/p>\r\n\r\n\r\n\r\n<h3>Kontaktformulare<\/h3>\r\n\r\n\r\n\r\n<h3>Cookies<\/h3>\r\n\r\n\r\n\r\n<p>Wenn Sie einen Kommentar auf unserer Website hinterlassen, k\u00f6nnen Sie Ihren Namen, Ihre E-Mail-Adresse und Ihre Website in Cookies speichern. Diese Angaben dienen Ihrer Bequemlichkeit, sodass Sie Ihre Daten nicht erneut eingeben m\u00fcssen, wenn Sie einen weiteren Kommentar hinterlassen. Diese Cookies haben eine Laufzeit von einem Jahr.<\/p>\r\n\r\n\r\n\r\n<p>Wenn Sie ein Konto haben und auf der Website angemeldet sind, erstellen wir ein tempor\u00e4res Cookie, um festzustellen, ob Ihr Browser Cookies akzeptiert. Der Cookie enth\u00e4lt keine pers\u00f6nlichen Informationen und wird gel\u00f6scht, sobald Sie Ihren Browser schlie\u00dfen.<\/p>\r\n\r\n\r\n\r\n<p>Wenn Sie sich anmelden, erstellen wir auch verschiedene Cookies, um Ihre Anmeldeinformationen und Anzeigeoptionen zu speichern. Eingehende Cookies halten zwei Tage und auf dem Bildschirm angezeigte Optionscookies ein Jahr. Wenn Sie &#8222;Angemeldet bleiben&#8220; w\u00e4hlen, bleibt Ihre Verbindung zwei Wochen lang bestehen. Wenn Sie sich von Ihrem Konto abmelden, werden Ihre Verbindungscookies entfernt.<\/p>\r\n\r\n\r\n\r\n<p>Wenn Sie einen Artikel bearbeiten oder ver\u00f6ffentlichen, wird ein zus\u00e4tzliches Cookie in Ihrem Browser gespeichert. Dieses Cookie enth\u00e4lt keine pers\u00f6nlichen Informationen und zeigt lediglich die Beitrags-ID des gerade bearbeiteten Artikels an. L\u00e4uft nach 1 Tag ab.<\/p>\r\n\r\n\r\n\r\n<h3>Eingebettete Inhalte von anderen Websites<\/h3>\r\n\r\n\r\n\r\n<p>Artikel auf dieser Website k\u00f6nnen eingebetteten Inhalt enthalten (z. B. Videos, Bilder, Artikel usw.). Eingebettete Inhalte von anderen Websites verhalten sich genauso, als ob der Besucher die andere Website besucht h\u00e4tte.<\/p>\r\n\r\n\r\n\r\n<p>Diese Websites k\u00f6nnen Daten \u00fcber Sie sammeln, Cookies verwenden, zus\u00e4tzliches Tracking von Drittanbietern integrieren und Ihre Interaktion mit diesen Inhalten \u00fcberwachen, einschlie\u00dflich der Erkennung Ihrer Interaktion mit den Inhalten, wenn Sie \u00fcber ein Konto verf\u00fcgen und .<\/p>\r\n\r\n\r\n\r\n<h3>Einzelheiten<\/h3>\r\n\r\n\r\n\r\n<h2>Mit wem teilen wir Ihre Daten<\/h2>\r\n\r\n\r\n\r\n<h2>Wie lange werden Ihre Daten gespeichert?<\/h2>\r\n\r\n\r\n\r\n<p>Wenn Sie einen Kommentar hinterlassen, werden der Kommentar und seine Metadaten auf unbestimmte Zeit gespeichert. Auf diese Weise k\u00f6nnen wir die folgenden Kommentare automatisch erkennen und genehmigen, anstatt sie auf dem neuesten Stand zu halten.<\/p>\r\n\r\n\r\n\r\n<p>F\u00fcr Benutzer, die sich f\u00fcr unsere Website anmelden, speichern wir auch die pers\u00f6nlichen Daten, die sie in ihr Benutzerprofil eingeben. Alle Benutzer k\u00f6nnen ihre pers\u00f6nlichen Daten jederzeit anzeigen, bearbeiten oder l\u00f6schen (au\u00dfer sie k\u00f6nnen ihren Benutzernamen \u00e4ndern). Administratoren dieser Site k\u00f6nnen diese Informationen auch anzeigen und bearbeiten.<\/p>\r\n\r\n\r\n\r\n<h2>Welche Rechte haben Sie an Ihren Daten?<\/h2>\r\n\r\n\r\n\r\n<p>Wenn Sie ein Konto auf dieser Website haben oder einen Kommentar hinterlassen haben, k\u00f6nnen Sie verlangen, dass Sie eine exportierte Datei der pers\u00f6nlichen Informationen erhalten, die wir \u00fcber Sie haben, einschlie\u00dflich aller Daten, die Sie uns zur Verf\u00fcgung gestellt haben. Sie k\u00f6nnen auch verlangen, dass wir die pers\u00f6nlichen Daten l\u00f6schen, die wir \u00fcber Sie gespeichert haben. Dies schlie\u00dft keine Daten ein, die wir aus administrativen, rechtlichen oder Sicherheitsgr\u00fcnden aufbewahren m\u00fcssen.<\/p>\r\n\r\n\r\n\r\n<h2>Wohin Ihre Daten gesendet werden<\/h2>\r\n\r\n\r\n\r\n<p>G\u00e4stebewertungen k\u00f6nnen \u00fcber ein automatisiertes Spam-System kontrolliert werden.<\/p>\r\n\r\n\r\n\r\n<h2>Ihre Kontaktinformationen<\/h2>\r\n\r\n\r\n\r\n<h2>Zus\u00e4tzliche Informationen<\/h2>\r\n\r\n\r\n\r\n<h3>Wie wir Ihre Daten sch\u00fctzen<\/h3>\r\n\r\n\r\n\r\n<h3>Welche Verfahren haben wir f\u00fcr Datenschutzverletzungen \u00fcbernommen?<\/h3>\r\n\r\n\r\n\r\n<h3>Von welchen Dritten wir Daten erhalten<\/h3>\r\n\r\n\r\n\r\n<h3>Welche automatischen Entscheidungen und \/ oder Profile treffen wir mit Benutzerdaten?<\/h3>\r\n\r\n\r\n\r\n<h3>Vorschriften zur Offenlegung<\/h3>\r\n","protected":false},"excerpt":{"rendered":"<p>Wer wir sind url: http:\/\/aglaiarentacar.gr Welche personenbezogenen Daten erheben wir und warum Kommentare Wenn Besucher Kommentare auf der Website hinterlassen, erfassen wir die im Kommentarformular angezeigten Daten sowie die IP-Adresse des Besuchers und die Zeichenfolge des Browsers, um Spam zu erkennen. Eine anonyme Zeichenfolge, die aus Ihrer E-Mail-Adresse erstellt wurde (auch als &#8222;Hash&#8220; bezeichnet), kann [&hellip;]<\/p>\n","protected":false},"author":1,"featured_media":0,"parent":0,"menu_order":0,"comment_status":"closed","ping_status":"closed","template":"","meta":[],"_links":{"self":[{"href":"https:\/\/aglaiarentacar.gr\/de\/wp-json\/wp\/v2\/pages\/984"}],"collection":[{"href":"https:\/\/aglaiarentacar.gr\/de\/wp-json\/wp\/v2\/pages"}],"about":[{"href":"https:\/\/aglaiarentacar.gr\/de\/wp-json\/wp\/v2\/types\/page"}],"author":[{"embeddable":true,"href":"https:\/\/aglaiarentacar.gr\/de\/wp-json\/wp\/v2\/users\/1"}],"replies":[{"embeddable":true,"href":"https:\/\/aglaiarentacar.gr\/de\/wp-json\/wp\/v2\/comments?post=984"}],"version-history":[{"count":3,"href":"https:\/\/aglaiarentacar.gr\/de\/wp-json\/wp\/v2\/pages\/984\/revisions"}],"predecessor-version":[{"id":1119,"href":"https:\/\/aglaiarentacar.gr\/de\/wp-json\/wp\/v2\/pages\/984\/revisions\/1119"}],"wp:attachment":[{"href":"https:\/\/aglaiarentacar.gr\/de\/wp-json\/wp\/v2\/media?parent=984"}],"curies":[{"name":"wp","href":"https:\/\/api.w.org\/{rel}","templated":true}]}}