{"id":972,"date":"2020-02-05T21:00:58","date_gmt":"2020-02-05T19:00:58","guid":{"rendered":"http:\/\/aglaiarentacar2.gr.185-4-133-15.reseller21.grserver.gr\/places\/"},"modified":"2020-02-11T17:38:54","modified_gmt":"2020-02-11T15:38:54","slug":"places-de","status":"publish","type":"page","link":"https:\/\/aglaiarentacar.gr\/de\/places-de\/","title":{"rendered":"Orte"},"content":{"rendered":"\t\t<div data-elementor-type=\"wp-page\" data-elementor-id=\"972\" class=\"elementor elementor-972 elementor-256\" data-elementor-settings=\"[]\">\n\t\t\t\t\t\t<div class=\"elementor-inner\">\n\t\t\t\t\t\t\t<div class=\"elementor-section-wrap\">\n\t\t\t\t\t\t\t<section class=\"elementor-section elementor-top-section elementor-element elementor-element-23cc029e elementor-section-height-min-height elementor-section-boxed elementor-section-height-default elementor-section-items-middle\" data-id=\"23cc029e\" data-element_type=\"section\" data-settings=\"{&quot;background_background&quot;:&quot;gradient&quot;,&quot;jet_parallax_layout_list&quot;:[{&quot;jet_parallax_layout_image&quot;:{&quot;url&quot;:&quot;&quot;,&quot;id&quot;:&quot;&quot;},&quot;_id&quot;:&quot;4b83a15&quot;,&quot;jet_parallax_layout_image_tablet&quot;:{&quot;url&quot;:&quot;&quot;,&quot;id&quot;:&quot;&quot;},&quot;jet_parallax_layout_image_mobile&quot;:{&quot;url&quot;:&quot;&quot;,&quot;id&quot;:&quot;&quot;},&quot;jet_parallax_layout_speed&quot;:{&quot;unit&quot;:&quot;%&quot;,&quot;size&quot;:50,&quot;sizes&quot;:[]},&quot;jet_parallax_layout_type&quot;:&quot;scroll&quot;,&quot;jet_parallax_layout_direction&quot;:null,&quot;jet_parallax_layout_fx_direction&quot;:null,&quot;jet_parallax_layout_z_index&quot;:&quot;&quot;,&quot;jet_parallax_layout_bg_x&quot;:50,&quot;jet_parallax_layout_bg_y&quot;:50,&quot;jet_parallax_layout_bg_size&quot;:&quot;auto&quot;,&quot;jet_parallax_layout_animation_prop&quot;:&quot;transform&quot;,&quot;jet_parallax_layout_on&quot;:[&quot;desktop&quot;,&quot;tablet&quot;],&quot;jet_parallax_layout_bg_x_tablet&quot;:&quot;&quot;,&quot;jet_parallax_layout_bg_x_mobile&quot;:&quot;&quot;,&quot;jet_parallax_layout_bg_y_tablet&quot;:&quot;&quot;,&quot;jet_parallax_layout_bg_y_mobile&quot;:&quot;&quot;,&quot;jet_parallax_layout_bg_size_tablet&quot;:&quot;&quot;,&quot;jet_parallax_layout_bg_size_mobile&quot;:&quot;&quot;}]}\">\n\t\t\t\t\t\t\t<div class=\"elementor-background-overlay\"><\/div>\n\t\t\t\t\t\t\t<div class=\"elementor-container elementor-column-gap-no\">\n\t\t\t\t\t\t\t<div class=\"elementor-row\">\n\t\t\t\t\t<div class=\"elementor-column elementor-col-100 elementor-top-column elementor-element elementor-element-5652ac73\" data-id=\"5652ac73\" data-element_type=\"column\">\n\t\t\t<div class=\"elementor-column-wrap elementor-element-populated\">\n\t\t\t\t\t\t\t<div class=\"elementor-widget-wrap\">\n\t\t\t\t\t\t<div class=\"elementor-element elementor-element-1fbcc8ce elementor-invisible elementor-widget elementor-widget-heading\" data-id=\"1fbcc8ce\" data-element_type=\"widget\" data-settings=\"{&quot;_animation&quot;:&quot;fadeIn&quot;}\" data-widget_type=\"heading.default\">\n\t\t\t\t<div class=\"elementor-widget-container\">\n\t\t\t<h2 class=\"elementor-heading-title elementor-size-default\">Agiofarago Strand<\/h2>\t\t<\/div>\n\t\t\t\t<\/div>\n\t\t\t\t<div class=\"elementor-element elementor-element-10dc5723 elementor-widget-divider--view-line elementor-widget elementor-widget-divider\" data-id=\"10dc5723\" data-element_type=\"widget\" data-widget_type=\"divider.default\">\n\t\t\t\t<div class=\"elementor-widget-container\">\n\t\t\t\t\t<div class=\"elementor-divider\">\n\t\t\t<span class=\"elementor-divider-separator\">\n\t\t\t\t\t\t<\/span>\n\t\t<\/div>\n\t\t\t\t<\/div>\n\t\t\t\t<\/div>\n\t\t\t\t<div class=\"elementor-element elementor-element-17d8bc99 elementor-widget elementor-widget-text-editor\" data-id=\"17d8bc99\" data-element_type=\"widget\" data-widget_type=\"text-editor.default\">\n\t\t\t\t<div class=\"elementor-widget-container\">\n\t\t\t\t\t\t\t\t<div class=\"elementor-text-editor elementor-clearfix\">\n\t\t\t\t<p>Der Strand von Agiofarago liegt etwa 80 km s\u00fcdlich von Heraklion Stadt, an der Ausfahrt von der gleichnamigen Schlucht von Agiofarago. Um dorthin zu gelangen, m\u00fcssen Sie entweder die Schlucht \u00fcberqueren, durch leichte Wanderung von etwa 30 bis 50 \u201c, oder ein Boot von Matala, Agia Galini oder Kali Limenes finden. Wir empfehlen auf jeden Fall die erste Option, da die Strecke innerhalb der vertikalen W\u00e4nde der Schlucht atemberaubend ist. Auf dem Weg sehen Sie die gro\u00dfen H\u00f6hlen, in denen einige Eremiten noch leben, und die Kapelle des heiligen Antonius, mit einem Brunnen drau\u00dfen.<\/p>\n<p>Der Strand am Ausgang der Schlucht ist atemberaubend, mit feinem Kies und klarem blauem Wasser, das in der Regel sehr ruhig ist. Im Westen des Strandes wird ein sch\u00f6ner Bogen gebildet, unter denem man baden kann. Vertikale Klippen umgeben den Strand, an dem Sie betende Eremiten sehen k\u00f6nnen. Nudismus wird hier nicht erlaubt, wie in allen religi\u00f6sen Orten der Insel Kreta. Der Strand ist ideal f\u00fcr Camping, aber Sie m\u00fcssen alle Ihre Sachen in der Schlucht mitbringen. Sie k\u00f6nnen jedoch etwas an Gewicht \u2018gewinnen\u2019, wenn Sie nicht Wasser mit Ihnen nehmen, aber es aus dem Brunnen vor der Kapelle sammeln, nur 5 \u2018vom Strand entfernt. Sie k\u00f6nnten sich auch dort waschen (ohne Shampoo!). Neben dem Brunnen gibt es einen Trog, von dem Ziegen Wasser trinken. Wenn Sie Zeit haben, f\u00fcllen Sie ihn mit Wasser und viele Ziegen, die zu trinken kommen, werden Sie zu danken!<\/p>\n<p>Wenn Sie mit Ihnen Ihre Turnschuhe haben, sollen Sie am Nachmittag die Klippen im Osten klettern und den Gipfel erreichen. Die Aussicht von dort ist fantastisch. Wenn Sie nach S\u00fcdosten wandeln, treffen Sie einen versteckten salzigen See, genannt Vourvoulitis, der von senkrechten Klippen umgeben ist. Das ist eine Doline, die mit dem offenen Meer durch unterirdische G\u00e4nge in Verbindung steht. Sie k\u00f6nnen den See n\u00e4hern, aber es ist extrem gef\u00e4hrlich. Um genau zu verstehen, wo er ist, \u00fcberpr\u00fcfen Sie die Karte. Sie werden einen dunklen Bereich s\u00fcd\u00f6stlich der Strand sehen.<\/p>\n\t\t\t\t\t<\/div>\n\t\t\t\t\t\t<\/div>\n\t\t\t\t<\/div>\n\t\t\t\t<div class=\"elementor-element elementor-element-48f12a27 elementor-view-default elementor-invisible elementor-widget elementor-widget-icon\" data-id=\"48f12a27\" data-element_type=\"widget\" data-settings=\"{&quot;_animation&quot;:&quot;fadeInLeft&quot;}\" data-widget_type=\"icon.default\">\n\t\t\t\t<div class=\"elementor-widget-container\">\n\t\t\t\t\t<div class=\"elementor-icon-wrapper\">\n\t\t\t<div class=\"elementor-icon elementor-animation-hang\">\n\t\t\t\t\t\t\t<i class=\"fa fa-angle-down\" aria-hidden=\"true\"><\/i>\n\t\t\t\t\t\t<\/div>\n\t\t<\/div>\n\t\t\t\t<\/div>\n\t\t\t\t<\/div>\n\t\t\t\t\t\t<\/div>\n\t\t\t\t\t<\/div>\n\t\t<\/div>\n\t\t\t\t<div class=\"elementor-column elementor-col-100 elementor-top-column elementor-element elementor-element-5f8f2825\" data-id=\"5f8f2825\" data-element_type=\"column\">\n\t\t\t<div class=\"elementor-column-wrap elementor-element-populated\">\n\t\t\t\t\t\t\t<div class=\"elementor-widget-wrap\">\n\t\t\t\t\t\t<div class=\"elementor-element elementor-element-b61596e elementor-widget elementor-widget-image\" data-id=\"b61596e\" data-element_type=\"widget\" data-widget_type=\"image.default\">\n\t\t\t\t<div class=\"elementor-widget-container\">\n\t\t\t\t\t\t\t\t<div class=\"elementor-image\">\n\t\t\t\t\t\t\t\t\t\t\t\t<img width=\"768\" height=\"576\" src=\"https:\/\/aglaiarentacar.gr\/wp-content\/uploads\/2019\/12\/agiofaraggo02.jpg\" class=\"attachment-large size-large\" alt=\"\" loading=\"lazy\" srcset=\"https:\/\/aglaiarentacar.gr\/wp-content\/uploads\/2019\/12\/agiofaraggo02.jpg 768w, https:\/\/aglaiarentacar.gr\/wp-content\/uploads\/2019\/12\/agiofaraggo02-300x225.jpg 300w\" sizes=\"(max-width: 768px) 100vw, 768px\" \/>\t\t\t\t\t\t\t\t\t\t\t\t\t\t<\/div>\n\t\t\t\t\t\t<\/div>\n\t\t\t\t<\/div>\n\t\t\t\t\t\t<\/div>\n\t\t\t\t\t<\/div>\n\t\t<\/div>\n\t\t\t\t\t\t\t\t<\/div>\n\t\t\t\t\t<\/div>\n\t\t<\/section>\n\t\t\t\t<section class=\"elementor-section elementor-top-section elementor-element elementor-element-52667a6 elementor-section-height-min-height elementor-section-boxed elementor-section-height-default elementor-section-items-middle\" data-id=\"52667a6\" data-element_type=\"section\" data-settings=\"{&quot;background_background&quot;:&quot;gradient&quot;,&quot;jet_parallax_layout_list&quot;:[{&quot;jet_parallax_layout_image&quot;:{&quot;url&quot;:&quot;&quot;,&quot;id&quot;:&quot;&quot;},&quot;_id&quot;:&quot;4b83a15&quot;,&quot;jet_parallax_layout_image_tablet&quot;:{&quot;url&quot;:&quot;&quot;,&quot;id&quot;:&quot;&quot;},&quot;jet_parallax_layout_image_mobile&quot;:{&quot;url&quot;:&quot;&quot;,&quot;id&quot;:&quot;&quot;},&quot;jet_parallax_layout_speed&quot;:{&quot;unit&quot;:&quot;%&quot;,&quot;size&quot;:50,&quot;sizes&quot;:[]},&quot;jet_parallax_layout_type&quot;:&quot;scroll&quot;,&quot;jet_parallax_layout_direction&quot;:null,&quot;jet_parallax_layout_fx_direction&quot;:null,&quot;jet_parallax_layout_z_index&quot;:&quot;&quot;,&quot;jet_parallax_layout_bg_x&quot;:50,&quot;jet_parallax_layout_bg_y&quot;:50,&quot;jet_parallax_layout_bg_size&quot;:&quot;auto&quot;,&quot;jet_parallax_layout_animation_prop&quot;:&quot;transform&quot;,&quot;jet_parallax_layout_on&quot;:[&quot;desktop&quot;,&quot;tablet&quot;],&quot;jet_parallax_layout_bg_x_tablet&quot;:&quot;&quot;,&quot;jet_parallax_layout_bg_x_mobile&quot;:&quot;&quot;,&quot;jet_parallax_layout_bg_y_tablet&quot;:&quot;&quot;,&quot;jet_parallax_layout_bg_y_mobile&quot;:&quot;&quot;,&quot;jet_parallax_layout_bg_size_tablet&quot;:&quot;&quot;,&quot;jet_parallax_layout_bg_size_mobile&quot;:&quot;&quot;}]}\">\n\t\t\t\t\t\t\t<div class=\"elementor-background-overlay\"><\/div>\n\t\t\t\t\t\t\t<div class=\"elementor-container elementor-column-gap-no\">\n\t\t\t\t\t\t\t<div class=\"elementor-row\">\n\t\t\t\t\t<div class=\"elementor-column elementor-col-100 elementor-top-column elementor-element elementor-element-3394b81\" data-id=\"3394b81\" data-element_type=\"column\">\n\t\t\t<div class=\"elementor-column-wrap elementor-element-populated\">\n\t\t\t\t\t\t\t<div class=\"elementor-widget-wrap\">\n\t\t\t\t\t\t<div class=\"elementor-element elementor-element-6fe506e elementor-widget elementor-widget-image\" data-id=\"6fe506e\" data-element_type=\"widget\" data-widget_type=\"image.default\">\n\t\t\t\t<div class=\"elementor-widget-container\">\n\t\t\t\t\t\t\t\t<div class=\"elementor-image\">\n\t\t\t\t\t\t\t\t\t\t\t\t<img width=\"800\" height=\"584\" src=\"https:\/\/aglaiarentacar.gr\/wp-content\/uploads\/2019\/12\/matala-1024x748.jpg\" class=\"attachment-large size-large\" alt=\"\" loading=\"lazy\" srcset=\"https:\/\/aglaiarentacar.gr\/wp-content\/uploads\/2019\/12\/matala-1024x748.jpg 1024w, https:\/\/aglaiarentacar.gr\/wp-content\/uploads\/2019\/12\/matala-300x219.jpg 300w, https:\/\/aglaiarentacar.gr\/wp-content\/uploads\/2019\/12\/matala-768x561.jpg 768w, https:\/\/aglaiarentacar.gr\/wp-content\/uploads\/2019\/12\/matala-1536x1122.jpg 1536w, https:\/\/aglaiarentacar.gr\/wp-content\/uploads\/2019\/12\/matala.jpg 2000w\" sizes=\"(max-width: 800px) 100vw, 800px\" \/>\t\t\t\t\t\t\t\t\t\t\t\t\t\t<\/div>\n\t\t\t\t\t\t<\/div>\n\t\t\t\t<\/div>\n\t\t\t\t\t\t<\/div>\n\t\t\t\t\t<\/div>\n\t\t<\/div>\n\t\t\t\t<div class=\"elementor-column elementor-col-100 elementor-top-column elementor-element elementor-element-4e72e60\" data-id=\"4e72e60\" data-element_type=\"column\">\n\t\t\t<div class=\"elementor-column-wrap elementor-element-populated\">\n\t\t\t\t\t\t\t<div class=\"elementor-widget-wrap\">\n\t\t\t\t\t\t<div class=\"elementor-element elementor-element-338225c elementor-invisible elementor-widget elementor-widget-heading\" data-id=\"338225c\" data-element_type=\"widget\" data-settings=\"{&quot;_animation&quot;:&quot;fadeIn&quot;}\" data-widget_type=\"heading.default\">\n\t\t\t\t<div class=\"elementor-widget-container\">\n\t\t\t<h2 class=\"elementor-heading-title elementor-size-default\">Matala Strand<\/h2>\t\t<\/div>\n\t\t\t\t<\/div>\n\t\t\t\t<div class=\"elementor-element elementor-element-e4abffd elementor-widget-divider--view-line elementor-widget elementor-widget-divider\" data-id=\"e4abffd\" data-element_type=\"widget\" data-widget_type=\"divider.default\">\n\t\t\t\t<div class=\"elementor-widget-container\">\n\t\t\t\t\t<div class=\"elementor-divider\">\n\t\t\t<span class=\"elementor-divider-separator\">\n\t\t\t\t\t\t<\/span>\n\t\t<\/div>\n\t\t\t\t<\/div>\n\t\t\t\t<\/div>\n\t\t\t\t<div class=\"elementor-element elementor-element-95e1d1e elementor-widget elementor-widget-text-editor\" data-id=\"95e1d1e\" data-element_type=\"widget\" data-widget_type=\"text-editor.default\">\n\t\t\t\t<div class=\"elementor-widget-container\">\n\t\t\t\t\t\t\t\t<div class=\"elementor-text-editor elementor-clearfix\">\n\t\t\t\t<p>Matala befindet sich 68km s\u00fcdwestlich von Heraklion, an den Grenzen der Ebene Messara und der Asteroussia Berge. Das ist eines der beliebtesten Touristenziele der Insel Kreta und sicherlich der ber\u00fchmteste Strand von Heraklion. Er ist ber\u00fchmt f\u00fcr die geschnitzten H\u00f6hlen in den Felsen und die Hippies der 70er Jahre. Er liegt in der N\u00e4he von Phaestus, dem zweitgr\u00f6\u00dften Palast der minoischen Kultur. Matala war der Hafen von Phaistos und w\u00e4hrend der R\u00f6merzeit wurde er zu einem Hafen von Gortys.<\/p>\n<p>Matala befindet sich am Ausgang eines kleinen Tals, das eine grosse geschlossene Bucht mit sch\u00f6ner Aussicht auf die Inseln Paximadia.The Bucht ist ein sch\u00f6ner langer Sandstrand, 300 m lang, mit feinem Kies und kristallklarem tiefem Wasser. Dar\u00fcber hinaus ist der Meeresboden an einigen Stellen ziemlich felsig und die Wellen, aufgrund der h\u00e4ufigen Westwinde, sind sehr gro\u00df und erstaunlich. Dar\u00fcber hinaus gibt es eine riesige H\u00f6hle auf dem n\u00f6rdlichen Teil des Strandes, von der einige \u201cverr\u00fccket\u201d Menschen ins Wasser springen. Der Strand ist sehr gut mit Sonnenschirmen, Toiletten, Duschen, Rettungsschwimmern, Erster Hilfe, Beachvolleyball-Pl\u00e4tzen, Snack-Bars, Wassersport, Ausflugsbooten, usw. Organisiert. Rund um Matala finden Sie viele M\u00f6glichkeiten f\u00fcr Unterkunft, Unterhaltung und Essen. Auch ein gro\u00dfer Teil des Strandes ist von Tamarisken bedeckt, wo Sie Schatten finden. Am Abend sind die Bars am Strand voll mit vielen Menschen, Einheimischen und Ausl\u00e4ndern. Vor allem im Juni, findet das international bekannte Matala Festival statt.<\/p>\n\t\t\t\t\t<\/div>\n\t\t\t\t\t\t<\/div>\n\t\t\t\t<\/div>\n\t\t\t\t<div class=\"elementor-element elementor-element-c275120 elementor-view-default elementor-invisible elementor-widget elementor-widget-icon\" data-id=\"c275120\" data-element_type=\"widget\" data-settings=\"{&quot;_animation&quot;:&quot;fadeInLeft&quot;}\" data-widget_type=\"icon.default\">\n\t\t\t\t<div class=\"elementor-widget-container\">\n\t\t\t\t\t<div class=\"elementor-icon-wrapper\">\n\t\t\t<div class=\"elementor-icon elementor-animation-hang\">\n\t\t\t\t\t\t\t<i class=\"fa fa-angle-down\" aria-hidden=\"true\"><\/i>\n\t\t\t\t\t\t<\/div>\n\t\t<\/div>\n\t\t\t\t<\/div>\n\t\t\t\t<\/div>\n\t\t\t\t\t\t<\/div>\n\t\t\t\t\t<\/div>\n\t\t<\/div>\n\t\t\t\t\t\t\t\t<\/div>\n\t\t\t\t\t<\/div>\n\t\t<\/section>\n\t\t\t\t<section class=\"elementor-section elementor-top-section elementor-element elementor-element-960ee40 elementor-section-height-min-height elementor-section-boxed elementor-section-height-default elementor-section-items-middle\" data-id=\"960ee40\" data-element_type=\"section\" data-settings=\"{&quot;background_background&quot;:&quot;gradient&quot;,&quot;jet_parallax_layout_list&quot;:[{&quot;jet_parallax_layout_image&quot;:{&quot;url&quot;:&quot;&quot;,&quot;id&quot;:&quot;&quot;},&quot;_id&quot;:&quot;4b83a15&quot;,&quot;jet_parallax_layout_image_tablet&quot;:{&quot;url&quot;:&quot;&quot;,&quot;id&quot;:&quot;&quot;},&quot;jet_parallax_layout_image_mobile&quot;:{&quot;url&quot;:&quot;&quot;,&quot;id&quot;:&quot;&quot;},&quot;jet_parallax_layout_speed&quot;:{&quot;unit&quot;:&quot;%&quot;,&quot;size&quot;:50,&quot;sizes&quot;:[]},&quot;jet_parallax_layout_type&quot;:&quot;scroll&quot;,&quot;jet_parallax_layout_direction&quot;:null,&quot;jet_parallax_layout_fx_direction&quot;:null,&quot;jet_parallax_layout_z_index&quot;:&quot;&quot;,&quot;jet_parallax_layout_bg_x&quot;:50,&quot;jet_parallax_layout_bg_y&quot;:50,&quot;jet_parallax_layout_bg_size&quot;:&quot;auto&quot;,&quot;jet_parallax_layout_animation_prop&quot;:&quot;transform&quot;,&quot;jet_parallax_layout_on&quot;:[&quot;desktop&quot;,&quot;tablet&quot;],&quot;jet_parallax_layout_bg_x_tablet&quot;:&quot;&quot;,&quot;jet_parallax_layout_bg_x_mobile&quot;:&quot;&quot;,&quot;jet_parallax_layout_bg_y_tablet&quot;:&quot;&quot;,&quot;jet_parallax_layout_bg_y_mobile&quot;:&quot;&quot;,&quot;jet_parallax_layout_bg_size_tablet&quot;:&quot;&quot;,&quot;jet_parallax_layout_bg_size_mobile&quot;:&quot;&quot;}]}\">\n\t\t\t\t\t\t\t<div class=\"elementor-background-overlay\"><\/div>\n\t\t\t\t\t\t\t<div class=\"elementor-container elementor-column-gap-no\">\n\t\t\t\t\t\t\t<div class=\"elementor-row\">\n\t\t\t\t\t<div class=\"elementor-column elementor-col-100 elementor-top-column elementor-element elementor-element-9d2dc11\" data-id=\"9d2dc11\" data-element_type=\"column\">\n\t\t\t<div class=\"elementor-column-wrap elementor-element-populated\">\n\t\t\t\t\t\t\t<div class=\"elementor-widget-wrap\">\n\t\t\t\t\t\t<div class=\"elementor-element elementor-element-00e148d elementor-invisible elementor-widget elementor-widget-heading\" data-id=\"00e148d\" data-element_type=\"widget\" data-settings=\"{&quot;_animation&quot;:&quot;fadeIn&quot;}\" data-widget_type=\"heading.default\">\n\t\t\t\t<div class=\"elementor-widget-container\">\n\t\t\t<h2 class=\"elementor-heading-title elementor-size-default\">Phestos Palace<\/h2>\t\t<\/div>\n\t\t\t\t<\/div>\n\t\t\t\t<div class=\"elementor-element elementor-element-d374c0b elementor-widget-divider--view-line elementor-widget elementor-widget-divider\" data-id=\"d374c0b\" data-element_type=\"widget\" data-widget_type=\"divider.default\">\n\t\t\t\t<div class=\"elementor-widget-container\">\n\t\t\t\t\t<div class=\"elementor-divider\">\n\t\t\t<span class=\"elementor-divider-separator\">\n\t\t\t\t\t\t<\/span>\n\t\t<\/div>\n\t\t\t\t<\/div>\n\t\t\t\t<\/div>\n\t\t\t\t<div class=\"elementor-element elementor-element-3e7a476 elementor-widget elementor-widget-text-editor\" data-id=\"3e7a476\" data-element_type=\"widget\" data-widget_type=\"text-editor.default\">\n\t\t\t\t<div class=\"elementor-widget-container\">\n\t\t\t\t\t\t\t\t<div class=\"elementor-text-editor elementor-clearfix\">\n\t\t\t\t<p>Phaestus (Phestos oder Festos) war eine minoische Stadt auf Kreta, deren Ruinen sich 55km s\u00fcdlich von Heraklion befinden. Die Stadt wurde bereits seit 6000BC bewohnt und gediehen gleichzeitig mit der Stadt von Knossos, bis zum 1. Jahrhundert vor Christus.<\/p>\n<p>Phaestus ist ber\u00fchmt f\u00fcr seine minoische Palast, der eine besuchbar arch\u00e4ologische St\u00e4tte ist und jedes Jahr Tausende von Besuchern anzieht. Der Palast von Phaistos wurde auf einem kleinen H\u00fcgel in der Ebene von Messara, mit Panoramablick auf die Umgebung gebaut. Es ist die zweitgr\u00f6\u00dfte nach Knossos und nimmt eine Fl\u00e4che von 18 Acres.<\/p>\n<p>Der Palast von Phaistos wurde in etwa 2000BC, der Legende nach, von Minos gebaut. Der K\u00f6nigspalast war der Bruder des Minos, der mythische Rhadamanthys. Rhadamanthys war der zweite Sohn von Zeus und Europa und wurde f\u00fcr seine Gerechtigkeit bekannt. Tats\u00e4chlich ist er der Verfasser des kretischen-Code betrachtet, die ersten Standards der Justiz, die sp\u00e4ter von den Spartans angenommen wurde. Aufgrund seiner Fairness, nach seinem Tod wurde er als Richter in Hades (wie sein Bruder Minos) zugeordnet.<\/p>\n\t\t\t\t\t<\/div>\n\t\t\t\t\t\t<\/div>\n\t\t\t\t<\/div>\n\t\t\t\t<div class=\"elementor-element elementor-element-11f331f elementor-view-default elementor-invisible elementor-widget elementor-widget-icon\" data-id=\"11f331f\" data-element_type=\"widget\" data-settings=\"{&quot;_animation&quot;:&quot;fadeInLeft&quot;}\" data-widget_type=\"icon.default\">\n\t\t\t\t<div class=\"elementor-widget-container\">\n\t\t\t\t\t<div class=\"elementor-icon-wrapper\">\n\t\t\t<div class=\"elementor-icon elementor-animation-hang\">\n\t\t\t\t\t\t\t<i class=\"fa fa-angle-down\" aria-hidden=\"true\"><\/i>\n\t\t\t\t\t\t<\/div>\n\t\t<\/div>\n\t\t\t\t<\/div>\n\t\t\t\t<\/div>\n\t\t\t\t\t\t<\/div>\n\t\t\t\t\t<\/div>\n\t\t<\/div>\n\t\t\t\t<div class=\"elementor-column elementor-col-100 elementor-top-column elementor-element elementor-element-ff14a7a\" data-id=\"ff14a7a\" data-element_type=\"column\">\n\t\t\t<div class=\"elementor-column-wrap elementor-element-populated\">\n\t\t\t\t\t\t\t<div class=\"elementor-widget-wrap\">\n\t\t\t\t\t\t<div class=\"elementor-element elementor-element-05a6e3a elementor-widget elementor-widget-image\" data-id=\"05a6e3a\" data-element_type=\"widget\" data-widget_type=\"image.default\">\n\t\t\t\t<div class=\"elementor-widget-container\">\n\t\t\t\t\t\t\t\t<div class=\"elementor-image\">\n\t\t\t\t\t\t\t\t\t\t\t\t<img width=\"800\" height=\"597\" src=\"https:\/\/aglaiarentacar.gr\/wp-content\/uploads\/2019\/12\/faistos-1024x764.jpg\" class=\"attachment-large size-large\" alt=\"\" loading=\"lazy\" srcset=\"https:\/\/aglaiarentacar.gr\/wp-content\/uploads\/2019\/12\/faistos-1024x764.jpg 1024w, https:\/\/aglaiarentacar.gr\/wp-content\/uploads\/2019\/12\/faistos-300x224.jpg 300w, https:\/\/aglaiarentacar.gr\/wp-content\/uploads\/2019\/12\/faistos-768x573.jpg 768w, https:\/\/aglaiarentacar.gr\/wp-content\/uploads\/2019\/12\/faistos-1536x1146.jpg 1536w, https:\/\/aglaiarentacar.gr\/wp-content\/uploads\/2019\/12\/faistos.jpg 2048w\" sizes=\"(max-width: 800px) 100vw, 800px\" \/>\t\t\t\t\t\t\t\t\t\t\t\t\t\t<\/div>\n\t\t\t\t\t\t<\/div>\n\t\t\t\t<\/div>\n\t\t\t\t\t\t<\/div>\n\t\t\t\t\t<\/div>\n\t\t<\/div>\n\t\t\t\t\t\t\t\t<\/div>\n\t\t\t\t\t<\/div>\n\t\t<\/section>\n\t\t\t\t\t\t<\/div>\n\t\t\t\t\t\t<\/div>\n\t\t\t\t\t<\/div>\n\t\t","protected":false},"excerpt":{"rendered":"<p>Agiofarago Strand Der Strand von Agiofarago liegt etwa 80 km s\u00fcdlich von Heraklion Stadt, an der Ausfahrt von der gleichnamigen Schlucht von Agiofarago. Um dorthin zu gelangen, m\u00fcssen Sie entweder die Schlucht \u00fcberqueren, durch leichte Wanderung von etwa 30 bis 50 \u201c, oder ein Boot von Matala, Agia Galini oder Kali Limenes finden. Wir empfehlen [&hellip;]<\/p>\n","protected":false},"author":1,"featured_media":0,"parent":0,"menu_order":0,"comment_status":"closed","ping_status":"closed","template":"elementor_header_footer","meta":[],"_links":{"self":[{"href":"https:\/\/aglaiarentacar.gr\/de\/wp-json\/wp\/v2\/pages\/972"}],"collection":[{"href":"https:\/\/aglaiarentacar.gr\/de\/wp-json\/wp\/v2\/pages"}],"about":[{"href":"https:\/\/aglaiarentacar.gr\/de\/wp-json\/wp\/v2\/types\/page"}],"author":[{"embeddable":true,"href":"https:\/\/aglaiarentacar.gr\/de\/wp-json\/wp\/v2\/users\/1"}],"replies":[{"embeddable":true,"href":"https:\/\/aglaiarentacar.gr\/de\/wp-json\/wp\/v2\/comments?post=972"}],"version-history":[{"count":3,"href":"https:\/\/aglaiarentacar.gr\/de\/wp-json\/wp\/v2\/pages\/972\/revisions"}],"predecessor-version":[{"id":1123,"href":"https:\/\/aglaiarentacar.gr\/de\/wp-json\/wp\/v2\/pages\/972\/revisions\/1123"}],"wp:attachment":[{"href":"https:\/\/aglaiarentacar.gr\/de\/wp-json\/wp\/v2\/media?parent=972"}],"curies":[{"name":"wp","href":"https:\/\/api.w.org\/{rel}","templated":true}]}}